{"id":8187,"date":"2025-10-27T12:45:18","date_gmt":"2025-10-27T12:45:18","guid":{"rendered":"https:\/\/visitrydal.com\/?page_id=8187"},"modified":"2025-10-27T16:54:58","modified_gmt":"2025-10-27T16:54:58","slug":"arkiv-stick-och-spinnfest-i-rydal","status":"publish","type":"page","link":"https:\/\/visitrydal.com\/en\/arkiv-stick-och-spinnfest-i-rydal\/","title":{"rendered":"Arkiv &#8211; Stick och Spinnfest i Rydal"},"content":{"rendered":"<div data-elementor-type=\"wp-page\" data-elementor-id=\"8187\" class=\"elementor elementor-8187\">\n\t\t\t\t\t\t<section class=\"elementor-section elementor-top-section elementor-element elementor-element-1b99a44 elementor-section-boxed elementor-section-height-default elementor-section-height-default\" data-id=\"1b99a44\" data-element_type=\"section\">\n\t\t\t\t\t\t<div class=\"elementor-container elementor-column-gap-default\">\n\t\t\t\t\t<div class=\"elementor-column elementor-col-25 elementor-top-column elementor-element elementor-element-a3273cc\" data-id=\"a3273cc\" data-element_type=\"column\">\n\t\t\t<div class=\"elementor-widget-wrap\">\n\t\t\t\t\t\t\t<\/div>\n\t\t<\/div>\n\t\t\t\t<div class=\"elementor-column elementor-col-25 elementor-top-column elementor-element elementor-element-3a70430\" data-id=\"3a70430\" data-element_type=\"column\">\n\t\t\t<div class=\"elementor-widget-wrap elementor-element-populated\">\n\t\t\t\t\t\t<div class=\"elementor-element elementor-element-00b1465 elementor-widget elementor-widget-spacer\" data-id=\"00b1465\" data-element_type=\"widget\" data-widget_type=\"spacer.default\">\n\t\t\t\t<div class=\"elementor-widget-container\">\n\t\t\t\t\t\t\t<div class=\"elementor-spacer\">\n\t\t\t<div class=\"elementor-spacer-inner\"><\/div>\n\t\t<\/div>\n\t\t\t\t\t\t<\/div>\n\t\t\t\t<\/div>\n\t\t\t\t\t<\/div>\n\t\t<\/div>\n\t\t\t\t<div class=\"elementor-column elementor-col-25 elementor-top-column elementor-element elementor-element-8adc1f0\" data-id=\"8adc1f0\" data-element_type=\"column\">\n\t\t\t<div class=\"elementor-widget-wrap\">\n\t\t\t\t\t\t\t<\/div>\n\t\t<\/div>\n\t\t\t\t<div class=\"elementor-column elementor-col-25 elementor-top-column elementor-element elementor-element-228c1eb\" data-id=\"228c1eb\" data-element_type=\"column\">\n\t\t\t<div class=\"elementor-widget-wrap\">\n\t\t\t\t\t\t\t<\/div>\n\t\t<\/div>\n\t\t\t\t\t<\/div>\n\t\t<\/section>\n\t\t\t\t<section class=\"elementor-section elementor-top-section elementor-element elementor-element-e2616e0 elementor-section-boxed elementor-section-height-default elementor-section-height-default\" data-id=\"e2616e0\" data-element_type=\"section\">\n\t\t\t\t\t\t<div class=\"elementor-container elementor-column-gap-default\">\n\t\t\t\t\t<div class=\"elementor-column elementor-col-100 elementor-top-column elementor-element elementor-element-401f37f\" data-id=\"401f37f\" data-element_type=\"column\">\n\t\t\t<div class=\"elementor-widget-wrap elementor-element-populated\">\n\t\t\t\t\t\t<div class=\"elementor-element elementor-element-6c3f8e6 elementor-widget elementor-widget-heading\" data-id=\"6c3f8e6\" data-element_type=\"widget\" data-widget_type=\"heading.default\">\n\t\t\t\t<div class=\"elementor-widget-container\">\n\t\t\t\t\t<h2 class=\"elementor-heading-title elementor-size-default\">Stick och Spinnfest Arkiv<\/h2>\t\t\t\t<\/div>\n\t\t\t\t<\/div>\n\t\t\t\t<div class=\"elementor-element elementor-element-56a3680 elementor-widget elementor-widget-spacer\" data-id=\"56a3680\" data-element_type=\"widget\" data-widget_type=\"spacer.default\">\n\t\t\t\t<div class=\"elementor-widget-container\">\n\t\t\t\t\t\t\t<div class=\"elementor-spacer\">\n\t\t\t<div class=\"elementor-spacer-inner\"><\/div>\n\t\t<\/div>\n\t\t\t\t\t\t<\/div>\n\t\t\t\t<\/div>\n\t\t\t\t\t<\/div>\n\t\t<\/div>\n\t\t\t\t\t<\/div>\n\t\t<\/section>\n\t\t\t\t<section class=\"elementor-section elementor-top-section elementor-element elementor-element-67a695f elementor-section-boxed elementor-section-height-default elementor-section-height-default\" data-id=\"67a695f\" data-element_type=\"section\">\n\t\t\t\t\t\t<div class=\"elementor-container elementor-column-gap-default\">\n\t\t\t\t\t<div class=\"elementor-column elementor-col-33 elementor-top-column elementor-element elementor-element-cc13cb5\" data-id=\"cc13cb5\" data-element_type=\"column\">\n\t\t\t<div class=\"elementor-widget-wrap elementor-element-populated\">\n\t\t\t\t\t\t<div class=\"elementor-element elementor-element-68ff750 elementor-align-center elementor-widget elementor-widget-button\" data-id=\"68ff750\" data-element_type=\"widget\" data-widget_type=\"button.default\">\n\t\t\t\t<div class=\"elementor-widget-container\">\n\t\t\t\t\t\t\t\t\t<div class=\"elementor-button-wrapper\">\n\t\t\t\t\t<a class=\"elementor-button elementor-button-link elementor-size-lg\" href=\"https:\/\/visitrydal.com\/en\/stick-och-spinnfest-i-rydal\/\">\n\t\t\t\t\t\t<span class=\"elementor-button-content-wrapper\">\n\t\t\t\t\t\t\t\t\t<span class=\"elementor-button-text\">2024<\/span>\n\t\t\t\t\t<\/span>\n\t\t\t\t\t<\/a>\n\t\t\t\t<\/div>\n\t\t\t\t\t\t\t\t<\/div>\n\t\t\t\t<\/div>\n\t\t\t\t\t<\/div>\n\t\t<\/div>\n\t\t\t\t<div class=\"elementor-column elementor-col-33 elementor-top-column elementor-element elementor-element-1bbbb57\" data-id=\"1bbbb57\" data-element_type=\"column\">\n\t\t\t<div class=\"elementor-widget-wrap\">\n\t\t\t\t\t\t\t<\/div>\n\t\t<\/div>\n\t\t\t\t<div class=\"elementor-column elementor-col-33 elementor-top-column elementor-element elementor-element-f61760d\" data-id=\"f61760d\" data-element_type=\"column\">\n\t\t\t<div class=\"elementor-widget-wrap\">\n\t\t\t\t\t\t\t<\/div>\n\t\t<\/div>\n\t\t\t\t\t<\/div>\n\t\t<\/section>\n\t\t\t\t<section class=\"elementor-section elementor-top-section elementor-element elementor-element-2565370 elementor-section-boxed elementor-section-height-default elementor-section-height-default\" data-id=\"2565370\" data-element_type=\"section\">\n\t\t\t\t\t\t<div class=\"elementor-container elementor-column-gap-default\">\n\t\t\t\t\t<div class=\"elementor-column elementor-col-100 elementor-top-column elementor-element elementor-element-ca132bb\" data-id=\"ca132bb\" data-element_type=\"column\">\n\t\t\t<div class=\"elementor-widget-wrap elementor-element-populated\">\n\t\t\t\t\t\t<div class=\"elementor-element elementor-element-f32e6eb elementor-widget elementor-widget-spacer\" data-id=\"f32e6eb\" data-element_type=\"widget\" data-widget_type=\"spacer.default\">\n\t\t\t\t<div class=\"elementor-widget-container\">\n\t\t\t\t\t\t\t<div class=\"elementor-spacer\">\n\t\t\t<div class=\"elementor-spacer-inner\"><\/div>\n\t\t<\/div>\n\t\t\t\t\t\t<\/div>\n\t\t\t\t<\/div>\n\t\t\t\t\t<\/div>\n\t\t<\/div>\n\t\t\t\t\t<\/div>\n\t\t<\/section>\n\t\t\t\t<section class=\"elementor-section elementor-top-section elementor-element elementor-element-01af7c8 elementor-section-boxed elementor-section-height-default elementor-section-height-default\" data-id=\"01af7c8\" data-element_type=\"section\">\n\t\t\t\t\t\t<div class=\"elementor-container elementor-column-gap-default\">\n\t\t\t\t\t<div class=\"elementor-column elementor-col-100 elementor-top-column elementor-element elementor-element-9fb8a69\" data-id=\"9fb8a69\" data-element_type=\"column\">\n\t\t\t<div class=\"elementor-widget-wrap elementor-element-populated\">\n\t\t\t\t\t\t<div class=\"elementor-element elementor-element-0299b46 elementor-widget elementor-widget-spacer\" data-id=\"0299b46\" data-element_type=\"widget\" data-widget_type=\"spacer.default\">\n\t\t\t\t<div class=\"elementor-widget-container\">\n\t\t\t\t\t\t\t<div class=\"elementor-spacer\">\n\t\t\t<div class=\"elementor-spacer-inner\"><\/div>\n\t\t<\/div>\n\t\t\t\t\t\t<\/div>\n\t\t\t\t<\/div>\n\t\t\t\t<div class=\"elementor-element elementor-element-d6a1751 elementor-widget elementor-widget-heading\" data-id=\"d6a1751\" data-element_type=\"widget\" data-widget_type=\"heading.default\">\n\t\t\t\t<div class=\"elementor-widget-container\">\n\t\t\t\t\t<h2 class=\"elementor-heading-title elementor-size-default\">Join the \u2018Stick och Spinnfest i Rydal\u2019 group on Facebook and get regular updates!\n<\/h2>\t\t\t\t<\/div>\n\t\t\t\t<\/div>\n\t\t\t\t<div class=\"elementor-element elementor-element-d525ac1 elementor-widget elementor-widget-image\" data-id=\"d525ac1\" data-element_type=\"widget\" data-widget_type=\"image.default\">\n\t\t\t\t<div class=\"elementor-widget-container\">\n\t\t\t\t\t\t\t\t\t\t\t\t\t\t\t\t<a href=\"https:\/\/www.facebook.com\/groups\/433145379406838\">\n\t\t\t\t\t\t\t<img decoding=\"async\" width=\"150\" height=\"150\" src=\"https:\/\/visitrydal.com\/wp-content\/uploads\/2024\/05\/facebook-150x150.png\" class=\"attachment-thumbnail size-thumbnail wp-image-5621\" alt=\"\" srcset=\"https:\/\/visitrydal.com\/wp-content\/uploads\/2024\/05\/facebook-150x150.png 150w, https:\/\/visitrydal.com\/wp-content\/uploads\/2024\/05\/facebook-300x300.png 300w, https:\/\/visitrydal.com\/wp-content\/uploads\/2024\/05\/facebook-12x12.png 12w, https:\/\/visitrydal.com\/wp-content\/uploads\/2024\/05\/facebook-60x60.png 60w, https:\/\/visitrydal.com\/wp-content\/uploads\/2024\/05\/facebook-40x40.png 40w, https:\/\/visitrydal.com\/wp-content\/uploads\/2024\/05\/facebook-80x80.png 80w, https:\/\/visitrydal.com\/wp-content\/uploads\/2024\/05\/facebook-20x20.png 20w, https:\/\/visitrydal.com\/wp-content\/uploads\/2024\/05\/facebook-128x128.png 128w, https:\/\/visitrydal.com\/wp-content\/uploads\/2024\/05\/facebook-73x73.png 73w, https:\/\/visitrydal.com\/wp-content\/uploads\/2024\/05\/facebook-130x130.png 130w, https:\/\/visitrydal.com\/wp-content\/uploads\/2024\/05\/facebook-400x400.png 400w, https:\/\/visitrydal.com\/wp-content\/uploads\/2024\/05\/facebook.png 512w\" sizes=\"(max-width: 150px) 100vw, 150px\" \/>\t\t\t\t\t\t\t\t<\/a>\n\t\t\t\t\t\t\t\t\t\t\t\t\t\t\t<\/div>\n\t\t\t\t<\/div>\n\t\t\t\t\t<\/div>\n\t\t<\/div>\n\t\t\t\t\t<\/div>\n\t\t<\/section>\n\t\t\t\t<\/div>","protected":false},"excerpt":{"rendered":"<p>Stick och Spinnfest Arkiv 2024 G\u00e5 med i &#8220;Stick och Spinnfest i Rydal&#8221; gruppen p\u00e5 Facebook och f\u00e5 uppdateringar l\u00f6pande!<\/p>","protected":false},"author":1,"featured_media":0,"parent":0,"menu_order":0,"comment_status":"closed","ping_status":"closed","template":"elementor_header_footer","meta":{"footnotes":""},"class_list":["post-8187","page","type-page","status-publish","hentry","no-img-post","blog-post"],"yoast_head":"<!-- This site is optimized with the Yoast SEO plugin v27.3 - https:\/\/yoast.com\/product\/yoast-seo-wordpress\/ -->\n<title>Arkiv - Stick och Spinnfest i Rydal - Visit Rydal<\/title>\n<meta name=\"robots\" content=\"index, follow, max-snippet:-1, max-image-preview:large, max-video-preview:-1\" \/>\n<link rel=\"canonical\" href=\"https:\/\/visitrydal.com\/en\/arkiv-stick-och-spinnfest-i-rydal\/\" \/>\n<meta property=\"og:locale\" content=\"en_GB\" \/>\n<meta property=\"og:type\" content=\"article\" \/>\n<meta property=\"og:title\" content=\"Arkiv - Stick och Spinnfest i Rydal - Visit Rydal\" \/>\n<meta property=\"og:description\" content=\"Stick och Spinnfest Arkiv 2024 G\u00e5 med i &#8220;Stick och Spinnfest i Rydal&#8221; gruppen p\u00e5 Facebook och f\u00e5 uppdateringar l\u00f6pande!\" \/>\n<meta property=\"og:url\" content=\"https:\/\/visitrydal.com\/en\/arkiv-stick-och-spinnfest-i-rydal\/\" \/>\n<meta property=\"og:site_name\" content=\"Visit Rydal\" \/>\n<meta property=\"article:modified_time\" content=\"2025-10-27T16:54:58+00:00\" \/>\n<meta property=\"og:image\" content=\"https:\/\/visitrydal.com\/wp-content\/uploads\/2024\/05\/facebook.png\" \/>\n\t<meta property=\"og:image:width\" content=\"512\" \/>\n\t<meta property=\"og:image:height\" content=\"512\" \/>\n\t<meta property=\"og:image:type\" content=\"image\/png\" \/>\n<meta name=\"twitter:card\" content=\"summary_large_image\" \/>\n<meta name=\"twitter:label1\" content=\"Estimated reading time\" \/>\n\t<meta name=\"twitter:data1\" content=\"1 minute\" \/>\n<script type=\"application\/ld+json\" class=\"yoast-schema-graph\">{\"@context\":\"https:\\\/\\\/schema.org\",\"@graph\":[{\"@type\":\"WebPage\",\"@id\":\"https:\\\/\\\/visitrydal.com\\\/arkiv-stick-och-spinnfest-i-rydal\\\/\",\"url\":\"https:\\\/\\\/visitrydal.com\\\/arkiv-stick-och-spinnfest-i-rydal\\\/\",\"name\":\"Arkiv - Stick och Spinnfest i Rydal - Visit Rydal\",\"isPartOf\":{\"@id\":\"https:\\\/\\\/visitrydal.com\\\/#website\"},\"primaryImageOfPage\":{\"@id\":\"https:\\\/\\\/visitrydal.com\\\/arkiv-stick-och-spinnfest-i-rydal\\\/#primaryimage\"},\"image\":{\"@id\":\"https:\\\/\\\/visitrydal.com\\\/arkiv-stick-och-spinnfest-i-rydal\\\/#primaryimage\"},\"thumbnailUrl\":\"https:\\\/\\\/visitrydal.com\\\/wp-content\\\/uploads\\\/2024\\\/05\\\/facebook-150x150.png\",\"datePublished\":\"2025-10-27T12:45:18+00:00\",\"dateModified\":\"2025-10-27T16:54:58+00:00\",\"breadcrumb\":{\"@id\":\"https:\\\/\\\/visitrydal.com\\\/arkiv-stick-och-spinnfest-i-rydal\\\/#breadcrumb\"},\"inLanguage\":\"en-GB\",\"potentialAction\":[{\"@type\":\"ReadAction\",\"target\":[\"https:\\\/\\\/visitrydal.com\\\/arkiv-stick-och-spinnfest-i-rydal\\\/\"]}]},{\"@type\":\"ImageObject\",\"inLanguage\":\"en-GB\",\"@id\":\"https:\\\/\\\/visitrydal.com\\\/arkiv-stick-och-spinnfest-i-rydal\\\/#primaryimage\",\"url\":\"https:\\\/\\\/visitrydal.com\\\/wp-content\\\/uploads\\\/2024\\\/05\\\/facebook-150x150.png\",\"contentUrl\":\"https:\\\/\\\/visitrydal.com\\\/wp-content\\\/uploads\\\/2024\\\/05\\\/facebook-150x150.png\"},{\"@type\":\"BreadcrumbList\",\"@id\":\"https:\\\/\\\/visitrydal.com\\\/arkiv-stick-och-spinnfest-i-rydal\\\/#breadcrumb\",\"itemListElement\":[{\"@type\":\"ListItem\",\"position\":1,\"name\":\"Home\",\"item\":\"https:\\\/\\\/visitrydal.com\\\/\"},{\"@type\":\"ListItem\",\"position\":2,\"name\":\"Arkiv &#8211; Stick och Spinnfest i Rydal\"}]},{\"@type\":\"WebSite\",\"@id\":\"https:\\\/\\\/visitrydal.com\\\/#website\",\"url\":\"https:\\\/\\\/visitrydal.com\\\/\",\"name\":\"Visit Rydal\",\"description\":\"\",\"publisher\":{\"@id\":\"https:\\\/\\\/visitrydal.com\\\/#organization\"},\"potentialAction\":[{\"@type\":\"SearchAction\",\"target\":{\"@type\":\"EntryPoint\",\"urlTemplate\":\"https:\\\/\\\/visitrydal.com\\\/?s={search_term_string}\"},\"query-input\":{\"@type\":\"PropertyValueSpecification\",\"valueRequired\":true,\"valueName\":\"search_term_string\"}}],\"inLanguage\":\"en-GB\"},{\"@type\":\"Organization\",\"@id\":\"https:\\\/\\\/visitrydal.com\\\/#organization\",\"name\":\"Visit Rydal\",\"url\":\"https:\\\/\\\/visitrydal.com\\\/\",\"logo\":{\"@type\":\"ImageObject\",\"inLanguage\":\"en-GB\",\"@id\":\"https:\\\/\\\/visitrydal.com\\\/#\\\/schema\\\/logo\\\/image\\\/\",\"url\":\"https:\\\/\\\/visitrydal.com\\\/wp-content\\\/uploads\\\/2023\\\/06\\\/cropped-siteicon.png\",\"contentUrl\":\"https:\\\/\\\/visitrydal.com\\\/wp-content\\\/uploads\\\/2023\\\/06\\\/cropped-siteicon.png\",\"width\":512,\"height\":512,\"caption\":\"Visit Rydal\"},\"image\":{\"@id\":\"https:\\\/\\\/visitrydal.com\\\/#\\\/schema\\\/logo\\\/image\\\/\"}}]}<\/script>\n<!-- \/ Yoast SEO plugin. -->","yoast_head_json":{"title":"Arkiv - Stick och Spinnfest i Rydal - Visit Rydal","robots":{"index":"index","follow":"follow","max-snippet":"max-snippet:-1","max-image-preview":"max-image-preview:large","max-video-preview":"max-video-preview:-1"},"canonical":"https:\/\/visitrydal.com\/en\/arkiv-stick-och-spinnfest-i-rydal\/","og_locale":"en_GB","og_type":"article","og_title":"Arkiv - Stick och Spinnfest i Rydal - Visit Rydal","og_description":"Stick och Spinnfest Arkiv 2024 G\u00e5 med i &#8220;Stick och Spinnfest i Rydal&#8221; gruppen p\u00e5 Facebook och f\u00e5 uppdateringar l\u00f6pande!","og_url":"https:\/\/visitrydal.com\/en\/arkiv-stick-och-spinnfest-i-rydal\/","og_site_name":"Visit Rydal","article_modified_time":"2025-10-27T16:54:58+00:00","og_image":[{"width":512,"height":512,"url":"https:\/\/visitrydal.com\/wp-content\/uploads\/2024\/05\/facebook.png","type":"image\/png"}],"twitter_card":"summary_large_image","twitter_misc":{"Estimated reading time":"1 minute"},"schema":{"@context":"https:\/\/schema.org","@graph":[{"@type":"WebPage","@id":"https:\/\/visitrydal.com\/arkiv-stick-och-spinnfest-i-rydal\/","url":"https:\/\/visitrydal.com\/arkiv-stick-och-spinnfest-i-rydal\/","name":"Arkiv - Stick och Spinnfest i Rydal - Visit Rydal","isPartOf":{"@id":"https:\/\/visitrydal.com\/#website"},"primaryImageOfPage":{"@id":"https:\/\/visitrydal.com\/arkiv-stick-och-spinnfest-i-rydal\/#primaryimage"},"image":{"@id":"https:\/\/visitrydal.com\/arkiv-stick-och-spinnfest-i-rydal\/#primaryimage"},"thumbnailUrl":"https:\/\/visitrydal.com\/wp-content\/uploads\/2024\/05\/facebook-150x150.png","datePublished":"2025-10-27T12:45:18+00:00","dateModified":"2025-10-27T16:54:58+00:00","breadcrumb":{"@id":"https:\/\/visitrydal.com\/arkiv-stick-och-spinnfest-i-rydal\/#breadcrumb"},"inLanguage":"en-GB","potentialAction":[{"@type":"ReadAction","target":["https:\/\/visitrydal.com\/arkiv-stick-och-spinnfest-i-rydal\/"]}]},{"@type":"ImageObject","inLanguage":"en-GB","@id":"https:\/\/visitrydal.com\/arkiv-stick-och-spinnfest-i-rydal\/#primaryimage","url":"https:\/\/visitrydal.com\/wp-content\/uploads\/2024\/05\/facebook-150x150.png","contentUrl":"https:\/\/visitrydal.com\/wp-content\/uploads\/2024\/05\/facebook-150x150.png"},{"@type":"BreadcrumbList","@id":"https:\/\/visitrydal.com\/arkiv-stick-och-spinnfest-i-rydal\/#breadcrumb","itemListElement":[{"@type":"ListItem","position":1,"name":"Home","item":"https:\/\/visitrydal.com\/"},{"@type":"ListItem","position":2,"name":"Arkiv &#8211; Stick och Spinnfest i Rydal"}]},{"@type":"WebSite","@id":"https:\/\/visitrydal.com\/#website","url":"https:\/\/visitrydal.com\/","name":"Visit Rydal","description":"","publisher":{"@id":"https:\/\/visitrydal.com\/#organization"},"potentialAction":[{"@type":"SearchAction","target":{"@type":"EntryPoint","urlTemplate":"https:\/\/visitrydal.com\/?s={search_term_string}"},"query-input":{"@type":"PropertyValueSpecification","valueRequired":true,"valueName":"search_term_string"}}],"inLanguage":"en-GB"},{"@type":"Organization","@id":"https:\/\/visitrydal.com\/#organization","name":"Visit Rydal","url":"https:\/\/visitrydal.com\/","logo":{"@type":"ImageObject","inLanguage":"en-GB","@id":"https:\/\/visitrydal.com\/#\/schema\/logo\/image\/","url":"https:\/\/visitrydal.com\/wp-content\/uploads\/2023\/06\/cropped-siteicon.png","contentUrl":"https:\/\/visitrydal.com\/wp-content\/uploads\/2023\/06\/cropped-siteicon.png","width":512,"height":512,"caption":"Visit Rydal"},"image":{"@id":"https:\/\/visitrydal.com\/#\/schema\/logo\/image\/"}}]}},"_links":{"self":[{"href":"https:\/\/visitrydal.com\/en\/wp-json\/wp\/v2\/pages\/8187","targetHints":{"allow":["GET"]}}],"collection":[{"href":"https:\/\/visitrydal.com\/en\/wp-json\/wp\/v2\/pages"}],"about":[{"href":"https:\/\/visitrydal.com\/en\/wp-json\/wp\/v2\/types\/page"}],"author":[{"embeddable":true,"href":"https:\/\/visitrydal.com\/en\/wp-json\/wp\/v2\/users\/1"}],"replies":[{"embeddable":true,"href":"https:\/\/visitrydal.com\/en\/wp-json\/wp\/v2\/comments?post=8187"}],"version-history":[{"count":10,"href":"https:\/\/visitrydal.com\/en\/wp-json\/wp\/v2\/pages\/8187\/revisions"}],"predecessor-version":[{"id":8198,"href":"https:\/\/visitrydal.com\/en\/wp-json\/wp\/v2\/pages\/8187\/revisions\/8198"}],"wp:attachment":[{"href":"https:\/\/visitrydal.com\/en\/wp-json\/wp\/v2\/media?parent=8187"}],"curies":[{"name":"wp","href":"https:\/\/api.w.org\/{rel}","templated":true}]}}